{"id":395,"date":"2026-03-29T20:49:58","date_gmt":"2026-03-29T20:49:58","guid":{"rendered":"https:\/\/piratentage.com\/?page_id=395"},"modified":"2026-04-01T21:29:33","modified_gmt":"2026-04-01T21:29:33","slug":"impressum","status":"publish","type":"page","link":"https:\/\/piratentage.com\/nl\/impressum\/","title":{"rendered":"Impressum"},"content":{"rendered":"\t\t<div data-elementor-type=\"wp-page\" data-elementor-id=\"395\" class=\"elementor elementor-395\" data-elementor-post-type=\"page\">\n\t\t\t\t<div class=\"elementor-element elementor-element-7e70bb1 e-flex e-con-boxed e-con e-parent\" data-id=\"7e70bb1\" data-element_type=\"container\" data-e-type=\"container\">\n\t\t\t\t\t<div class=\"e-con-inner\">\n\t\t\t\t\t<\/div>\n\t\t\t\t<\/div>\n\t\t<div class=\"elementor-element elementor-element-aae9c45 e-flex e-con-boxed e-con e-parent\" data-id=\"aae9c45\" data-element_type=\"container\" data-e-type=\"container\">\n\t\t\t\t\t<div class=\"e-con-inner\">\n\t\t\t\t<div class=\"elementor-element elementor-element-370a029 elementor-widget elementor-widget-text-editor\" data-id=\"370a029\" data-element_type=\"widget\" data-e-type=\"widget\" data-widget_type=\"text-editor.default\">\n\t\t\t\t\t\t\t\t\t<h2>Impressum<\/h2>\n\n<h3>Angaben gem\u00e4\u00df \u00a7 55 Abs. 2 RStV<\/h3>\n<p>\nWerner Uhling-Wessel \u2013 Spielp\u00e4dagoge<br>\nHalle IV<br>\nKaiserstra\u00dfe 10a<br>\n49809 Lingen\n<\/p>\n\n<h3>Kontakt<\/h3>\n<p>\nE-Mail: info@aundo-service.de<br>\nTelefon: 05 91 \/ 9 15 27 \u2013 21<br>\nFax: 05 91 \/ 9 15 27 \u2013 23\n<\/p>\n\n<h3>B\u00fcrozeiten<\/h3>\n<p>\nMo.\u2013Fr. 09:00\u201313:00 Uhr<br>\nMo.\u2013Fr. 14:00\u201316:00 Uhr<br>\n(nach Vereinbarung)\n<\/p>\n\n<h3>Unternehmensangaben<\/h3>\n<p>\nGesch\u00e4ftsinhaber: Werner Uhling-Wessel<br>\nUSt-IdNr.: DE 177 377 181\n<\/p>\n\n<p>\nSeit \u00fcber 20 Jahren: Dozent, Darsteller, K\u00fcnstler und Ideengeber im Bereich Kinder- und Erwachsenenunterhaltung.\n<\/p>\n\n<h3>Inhaltsanbieter<\/h3>\n<p>\nWerner Uhling-Wessel<br>\nNeben meiner \u00fcberwiegend freiberuflichen T\u00e4tigkeit \u00fcbe ich auch gewerbliche T\u00e4tigkeiten aus.<br>\nMitglied der Industrie- und Handelskammer Osnabr\u00fcck \u2013 Emsland \u2013 Grafschaft Bentheim.\n<\/p>\n\n<h3>Versicherung &#038; Qualifikation<\/h3>\n<p>\nBetriebshaftpflichtversicherung: ERGO<br>\nTeilnahmebescheinigung Kinderschutzschulung nach \u00a7 8a SGB VIII liegt vor.<br>\nDEKRA Hygienebeauftragter f\u00fcr Veranstaltungsmanagement.\n<\/p>\n\n<h3>Online-Streitbeilegung<\/h3>\n<p>\nDie Europ\u00e4ische Kommission stellt eine Plattform zur Online-Streitbeilegung bereit:<br>\n<a href=\"http:\/\/ec.europa.eu\/consumers\/odr\/\" target=\"_blank\">\nhttp:\/\/ec.europa.eu\/consumers\/odr\/\n<\/a>\n<\/p>\n\n<p>\nE-Mail f\u00fcr Verbraucherbeschwerden: info@piratenfest.info\n<\/p>\n\n<h3>Hinweis gem\u00e4\u00df \u00a7 36 VSBG<\/h3>\n<p>\nWerner Uhling-Wessel ist nicht verpflichtet und nicht bereit, an einem Streitbeilegungsverfahren vor einer Verbraucherschlichtungsstelle teilzunehmen.\n<\/p>\n\n<h3>Rechtshinweise<\/h3>\n<p>\nAlle Rechte vorbehalten. Kein Teil dieser Publikation darf ohne schriftliche Genehmigung reproduziert oder verbreitet werden.\n<\/p>\n\n<p>\nDieses Impressum gilt ebenfalls f\u00fcr unsere Facebook-Pr\u00e4senzen:\n<\/p>\n<ul>\n<li><a href=\"https:\/\/www.facebook.com\/piratenfeste\" target=\"_blank\">Piratenfeste<\/a><\/li>\n<li><a href=\"https:\/\/www.facebook.com\/Veranstaltungsservice\" target=\"_blank\">Veranstaltungsservice<\/a><\/li>\n<\/ul>\n\n<h3>Bildmaterial<\/h3>\n<p>\nRatte Pitt<br>\nPresseartikel \u201eKapit\u00e4n Black dreht (fast) durch!\u201c<br>\nFotos: Matthias Engelken\n<\/p>\n\n<h3>Haftungsausschluss<\/h3>\n\n<h4>Haftung f\u00fcr Inhalte<\/h4>\n<p>\nAls Diensteanbieter sind wir gem\u00e4\u00df \u00a7 7 Abs. 1 TMG f\u00fcr eigene Inhalte nach den allgemeinen Gesetzen verantwortlich.\nNach \u00a7\u00a7 8 bis 10 TMG sind wir jedoch nicht verpflichtet, \u00fcbermittelte oder gespeicherte fremde Informationen zu \u00fcberwachen.\n<\/p>\n\n<p>\nBei Bekanntwerden konkreter Rechtsverletzungen entfernen wir entsprechende Inhalte umgehend.\n<\/p>\n\n<h4>Haftung f\u00fcr Links<\/h4>\n<p>\nUnsere Website enth\u00e4lt Links zu externen Websites Dritter, auf deren Inhalte wir keinen Einfluss haben.\nF\u00fcr diese Inhalte ist stets der jeweilige Anbieter verantwortlich.\n<\/p>\n\n<p>\nBei Bekanntwerden von Rechtsverletzungen entfernen wir derartige Links umgehend.\n<\/p>\n\n<h4>Urheberrecht<\/h4>\n<p>\nDie durch den Seitenbetreiber erstellten Inhalte und Werke unterliegen dem deutschen Urheberrecht.\nVervielf\u00e4ltigung, Bearbeitung und Verbreitung bed\u00fcrfen der schriftlichen Zustimmung.\n<\/p>\n\n<p>\nDownloads und Kopien dieser Website sind nur f\u00fcr den privaten, nicht kommerziellen Gebrauch gestattet.\n<\/p>\n\n<p>\nSollten Sie auf eine Urheberrechtsverletzung aufmerksam werden, bitten wir um entsprechenden Hinweis.\nWir entfernen solche Inhalte umgehend.\n<\/p>\t\t\t\t\t\t\t\t<\/div>\n\t\t\t\t\t<\/div>\n\t\t\t\t<\/div>\n\t\t<div class=\"elementor-element elementor-element-c0418ee e-flex e-con-boxed e-con e-parent\" data-id=\"c0418ee\" data-element_type=\"container\" data-e-type=\"container\">\n\t\t\t\t\t<div class=\"e-con-inner\">\n\t\t\t\t<div class=\"elementor-element elementor-element-14a4d15 e-full_width e-n-menu-layout-horizontal e-n-menu-tablet elementor-widget elementor-widget-n-menu\" data-id=\"14a4d15\" data-element_type=\"widget\" data-e-type=\"widget\" data-settings=\"{&quot;menu_items&quot;:[{&quot;_id&quot;:&quot;f8ec125&quot;,&quot;item_title&quot;:&quot;Piratenfest buchen&quot;,&quot;item_link&quot;:{&quot;url&quot;:&quot;https:\\\/\\\/piratentage.com\\\/#kontakt&quot;,&quot;is_external&quot;:&quot;&quot;,&quot;nofollow&quot;:&quot;&quot;,&quot;custom_attributes&quot;:&quot;&quot;},&quot;item_dropdown_content&quot;:&quot;&quot;,&quot;__dynamic__&quot;:[],&quot;item_icon&quot;:{&quot;value&quot;:&quot;&quot;,&quot;library&quot;:&quot;&quot;},&quot;item_icon_active&quot;:null,&quot;element_id&quot;:&quot;&quot;},{&quot;item_title&quot;:&quot;Impressum&quot;,&quot;_id&quot;:&quot;f6a81bc&quot;,&quot;item_link&quot;:{&quot;url&quot;:&quot;https:\\\/\\\/piratentage.com\\\/impressum\\\/&quot;,&quot;is_external&quot;:&quot;&quot;,&quot;nofollow&quot;:&quot;&quot;,&quot;custom_attributes&quot;:&quot;&quot;},&quot;item_dropdown_content&quot;:&quot;no&quot;,&quot;item_icon&quot;:{&quot;value&quot;:&quot;&quot;,&quot;library&quot;:&quot;&quot;},&quot;item_icon_active&quot;:null,&quot;element_id&quot;:&quot;&quot;},{&quot;item_title&quot;:&quot;Datenschutz&quot;,&quot;_id&quot;:&quot;ffa3d1f&quot;,&quot;item_link&quot;:{&quot;url&quot;:&quot;https:\\\/\\\/piratentage.com\\\/datenschutz\\\/&quot;,&quot;is_external&quot;:&quot;&quot;,&quot;nofollow&quot;:&quot;&quot;,&quot;custom_attributes&quot;:&quot;&quot;},&quot;item_dropdown_content&quot;:&quot;no&quot;,&quot;item_icon&quot;:{&quot;value&quot;:&quot;&quot;,&quot;library&quot;:&quot;&quot;},&quot;item_icon_active&quot;:null,&quot;element_id&quot;:&quot;&quot;},{&quot;item_title&quot;:&quot;Cookie Richtlinie (EU)&quot;,&quot;_id&quot;:&quot;880c390&quot;,&quot;item_link&quot;:{&quot;url&quot;:&quot;https:\\\/\\\/piratentage.com\\\/cookie-richtlinie-eu\\\/&quot;,&quot;is_external&quot;:&quot;&quot;,&quot;nofollow&quot;:&quot;&quot;,&quot;custom_attributes&quot;:&quot;&quot;},&quot;item_dropdown_content&quot;:&quot;no&quot;,&quot;item_icon&quot;:{&quot;value&quot;:&quot;&quot;,&quot;library&quot;:&quot;&quot;},&quot;item_icon_active&quot;:null,&quot;element_id&quot;:&quot;&quot;},{&quot;_id&quot;:&quot;0002383&quot;,&quot;item_title&quot;:&quot;Kontakt&quot;,&quot;item_link&quot;:{&quot;url&quot;:&quot;&quot;,&quot;is_external&quot;:&quot;&quot;,&quot;nofollow&quot;:&quot;&quot;,&quot;custom_attributes&quot;:&quot;&quot;},&quot;item_dropdown_content&quot;:&quot;no&quot;,&quot;item_icon&quot;:{&quot;value&quot;:&quot;&quot;,&quot;library&quot;:&quot;&quot;},&quot;item_icon_active&quot;:null,&quot;element_id&quot;:&quot;&quot;}],&quot;item_position_horizontal&quot;:&quot;center&quot;,&quot;content_width&quot;:&quot;full_width&quot;,&quot;item_layout&quot;:&quot;horizontal&quot;,&quot;open_on&quot;:&quot;hover&quot;,&quot;horizontal_scroll&quot;:&quot;disable&quot;,&quot;breakpoint_selector&quot;:&quot;tablet&quot;,&quot;menu_item_title_distance_from_content&quot;:{&quot;unit&quot;:&quot;px&quot;,&quot;size&quot;:0,&quot;sizes&quot;:[]},&quot;menu_item_title_distance_from_content_tablet&quot;:{&quot;unit&quot;:&quot;px&quot;,&quot;size&quot;:&quot;&quot;,&quot;sizes&quot;:[]},&quot;menu_item_title_distance_from_content_mobile&quot;:{&quot;unit&quot;:&quot;px&quot;,&quot;size&quot;:&quot;&quot;,&quot;sizes&quot;:[]}}\" data-widget_type=\"mega-menu.default\">\n\t\t\t\t\t\t\t<nav class=\"e-n-menu\" data-widget-number=\"216\" aria-label=\"Men\u00fc\">\n\t\t\t\t\t<button class=\"e-n-menu-toggle\" id=\"menu-toggle-216\" aria-haspopup=\"true\" aria-expanded=\"false\" aria-controls=\"menubar-216\" aria-label=\"Menu toggle\">\n\t\t\t<span class=\"e-n-menu-toggle-icon e-open\">\n\t\t\t\t<svg class=\"e-font-icon-svg e-eicon-menu-bar\" viewBox=\"0 0 1000 1000\" xmlns=\"http:\/\/www.w3.org\/2000\/svg\"><path d=\"M104 333H896C929 333 958 304 958 271S929 208 896 208H104C71 208 42 237 42 271S71 333 104 333ZM104 583H896C929 583 958 554 958 521S929 458 896 458H104C71 458 42 487 42 521S71 583 104 583ZM104 833H896C929 833 958 804 958 771S929 708 896 708H104C71 708 42 737 42 771S71 833 104 833Z\"><\/path><\/svg>\t\t\t<\/span>\n\t\t\t<span class=\"e-n-menu-toggle-icon e-close\">\n\t\t\t\t<svg class=\"e-font-icon-svg e-eicon-close\" viewBox=\"0 0 1000 1000\" xmlns=\"http:\/\/www.w3.org\/2000\/svg\"><path d=\"M742 167L500 408 258 167C246 154 233 150 217 150 196 150 179 158 167 167 154 179 150 196 150 212 150 229 154 242 171 254L408 500 167 742C138 771 138 800 167 829 196 858 225 858 254 829L496 587 738 829C750 842 767 846 783 846 800 846 817 842 829 829 842 817 846 804 846 783 846 767 842 750 829 737L588 500 833 258C863 229 863 200 833 171 804 137 775 137 742 167Z\"><\/path><\/svg>\t\t\t<\/span>\n\t\t<\/button>\n\t\t\t\t\t<div class=\"e-n-menu-wrapper\" id=\"menubar-216\" aria-labelledby=\"menu-toggle-216\">\n\t\t\t\t<ul class=\"e-n-menu-heading\">\n\t\t\t\t\t\t\t\t<li class=\"e-n-menu-item\">\n\t\t\t\t<div id=\"e-n-menu-title-2161\" class=\"e-n-menu-title e-anchor\">\n\t\t\t\t\t<a class=\"e-n-menu-title-container e-focus e-link\" href=\"https:\/\/piratentage.com\/#kontakt\" aria-current=\"page\">\t\t\t\t\t\t\t\t\t\t\t\t<span class=\"e-n-menu-title-text\">\n\t\t\t\t\t\t\tPiratenfest buchen\t\t\t\t\t\t<\/span>\n\t\t\t\t\t<\/a>\t\t\t\t\t\t\t\t\t<\/div>\n\t\t\t\t\t\t\t<\/li>\n\t\t\t\t\t<li class=\"e-n-menu-item\">\n\t\t\t\t<div id=\"e-n-menu-title-2162\" class=\"e-n-menu-title\">\n\t\t\t\t\t<a class=\"e-n-menu-title-container e-focus e-link\" href=\"https:\/\/piratentage.com\/impressum\/\">\t\t\t\t\t\t\t\t\t\t\t\t<span class=\"e-n-menu-title-text\">\n\t\t\t\t\t\t\tImpressum\t\t\t\t\t\t<\/span>\n\t\t\t\t\t<\/a>\t\t\t\t\t\t\t\t\t<\/div>\n\t\t\t\t\t\t\t<\/li>\n\t\t\t\t\t<li class=\"e-n-menu-item\">\n\t\t\t\t<div id=\"e-n-menu-title-2163\" class=\"e-n-menu-title\">\n\t\t\t\t\t<a class=\"e-n-menu-title-container e-focus e-link\" href=\"https:\/\/piratentage.com\/datenschutz\/\">\t\t\t\t\t\t\t\t\t\t\t\t<span class=\"e-n-menu-title-text\">\n\t\t\t\t\t\t\tDatenschutz\t\t\t\t\t\t<\/span>\n\t\t\t\t\t<\/a>\t\t\t\t\t\t\t\t\t<\/div>\n\t\t\t\t\t\t\t<\/li>\n\t\t\t\t\t<li class=\"e-n-menu-item\">\n\t\t\t\t<div id=\"e-n-menu-title-2164\" class=\"e-n-menu-title\">\n\t\t\t\t\t<a class=\"e-n-menu-title-container e-focus e-link\" href=\"https:\/\/piratentage.com\/cookie-richtlinie-eu\/\">\t\t\t\t\t\t\t\t\t\t\t\t<span class=\"e-n-menu-title-text\">\n\t\t\t\t\t\t\tCookie Richtlinie (EU)\t\t\t\t\t\t<\/span>\n\t\t\t\t\t<\/a>\t\t\t\t\t\t\t\t\t<\/div>\n\t\t\t\t\t\t\t<\/li>\n\t\t\t\t\t<li class=\"e-n-menu-item\">\n\t\t\t\t<div id=\"e-n-menu-title-2165\" class=\"e-n-menu-title\">\n\t\t\t\t\t<div class=\"e-n-menu-title-container\">\t\t\t\t\t\t\t\t\t\t\t\t<span class=\"e-n-menu-title-text\">\n\t\t\t\t\t\t\tKontakt\t\t\t\t\t\t<\/span>\n\t\t\t\t\t<\/div>\t\t\t\t\t\t\t\t\t<\/div>\n\t\t\t\t\t\t\t<\/li>\n\t\t\t\t\t\t<\/ul>\n\t\t\t<\/div>\n\t\t<\/nav>\n\t\t\t\t\t\t<\/div>\n\t\t\t\t\t<\/div>\n\t\t\t\t<\/div>\n\t\t\t\t<\/div>\n\t\t","protected":false},"excerpt":{"rendered":"<p>Impressum Angaben gem\u00e4\u00df \u00a7 55 Abs. 2 RStV Werner Uhling-Wessel \u2013 Spielp\u00e4dagoge Halle IV Kaiserstra\u00dfe 10a 49809 Lingen Kontakt E-Mail: info@aundo-service.de Telefon: 05 91 \/ 9 15 27 \u2013 21 Fax: 05 91 \/ 9 15 27 \u2013 23 B\u00fcrozeiten Mo.\u2013Fr. 09:00\u201313:00 Uhr Mo.\u2013Fr. 14:00\u201316:00 Uhr (nach Vereinbarung) Unternehmensangaben Gesch\u00e4ftsinhaber: Werner Uhling-Wessel USt-IdNr.: DE 177 [&hellip;]<\/p>\n","protected":false},"author":1,"featured_media":0,"parent":0,"menu_order":0,"comment_status":"closed","ping_status":"closed","template":"elementor_canvas","meta":{"footnotes":""},"class_list":["post-395","page","type-page","status-publish","hentry"],"yoast_head":"<!-- This site is optimized with the Yoast SEO Premium plugin v27.3 (Yoast SEO v27.3) - https:\/\/yoast.com\/product\/yoast-seo-premium-wordpress\/ -->\n<title>Impressum - \ud83d\udc49 Piratenabenteuer buchen \ud83c\udff4\u200d\u2620\ufe0f Piratenspektakel f\u00fcr Stadtfeste, Hafenfeste &amp; Events<\/title>\n<meta name=\"robots\" content=\"index, follow, max-snippet:-1, max-image-preview:large, max-video-preview:-1\" \/>\n<link rel=\"canonical\" href=\"https:\/\/piratentage.com\/nl\/impressum\/\" \/>\n<meta property=\"og:locale\" content=\"nl_NL\" \/>\n<meta property=\"og:type\" content=\"article\" \/>\n<meta property=\"og:title\" content=\"Impressum\" \/>\n<meta property=\"og:description\" content=\"Impressum Angaben gem\u00e4\u00df \u00a7 55 Abs. 2 RStV Werner Uhling-Wessel \u2013 Spielp\u00e4dagoge Halle IV Kaiserstra\u00dfe 10a 49809 Lingen Kontakt E-Mail: info@aundo-service.de Telefon: 05 91 \/ 9 15 27 \u2013 21 Fax: 05 91 \/ 9 15 27 \u2013 23 B\u00fcrozeiten Mo.\u2013Fr. 09:00\u201313:00 Uhr Mo.\u2013Fr. 14:00\u201316:00 Uhr (nach Vereinbarung) Unternehmensangaben Gesch\u00e4ftsinhaber: Werner Uhling-Wessel USt-IdNr.: DE 177 [&hellip;]\" \/>\n<meta property=\"og:url\" content=\"https:\/\/piratentage.com\/nl\/impressum\/\" \/>\n<meta property=\"og:site_name\" content=\"\ud83d\udc49 Piratenabenteuer buchen \ud83c\udff4\u200d\u2620\ufe0f Piratenspektakel f\u00fcr Stadtfeste, Hafenfeste &amp; Events\" \/>\n<meta property=\"article:publisher\" content=\"https:\/\/www.facebook.com\/piratenfeste\" \/>\n<meta property=\"article:modified_time\" content=\"2026-04-01T21:29:33+00:00\" \/>\n<meta name=\"twitter:card\" content=\"summary_large_image\" \/>\n<meta name=\"twitter:label1\" content=\"Geschatte leestijd\" \/>\n\t<meta name=\"twitter:data1\" content=\"2 minuten\" \/>\n<script type=\"application\/ld+json\" class=\"yoast-schema-graph\">{\"@context\":\"https:\\\/\\\/schema.org\",\"@graph\":[{\"@type\":\"WebPage\",\"@id\":\"https:\\\/\\\/piratentage.com\\\/impressum\\\/\",\"url\":\"https:\\\/\\\/piratentage.com\\\/impressum\\\/\",\"name\":\"Impressum - \ud83d\udc49 Piratenabenteuer buchen \ud83c\udff4\u200d\u2620\ufe0f Piratenspektakel f\u00fcr Stadtfeste, Hafenfeste &amp; Events\",\"isPartOf\":{\"@id\":\"https:\\\/\\\/piratentage.com\\\/#website\"},\"datePublished\":\"2026-03-29T20:49:58+00:00\",\"dateModified\":\"2026-04-01T21:29:33+00:00\",\"breadcrumb\":{\"@id\":\"https:\\\/\\\/piratentage.com\\\/impressum\\\/#breadcrumb\"},\"inLanguage\":\"nl-NL\",\"potentialAction\":[{\"@type\":\"ReadAction\",\"target\":[\"https:\\\/\\\/piratentage.com\\\/impressum\\\/\"]}]},{\"@type\":\"BreadcrumbList\",\"@id\":\"https:\\\/\\\/piratentage.com\\\/impressum\\\/#breadcrumb\",\"itemListElement\":[{\"@type\":\"ListItem\",\"position\":1,\"name\":\"Start\",\"item\":\"https:\\\/\\\/piratentage.com\\\/\"},{\"@type\":\"ListItem\",\"position\":2,\"name\":\"Impressum\"}]},{\"@type\":\"WebSite\",\"@id\":\"https:\\\/\\\/piratentage.com\\\/#website\",\"url\":\"https:\\\/\\\/piratentage.com\\\/\",\"name\":\"Piratenfest & Piratenspektakel\",\"description\":\"\ud83d\udc49 Leinen los ins Piratenabenteuer! \u2693 Publikumsmagnet f\u00fcr dein Event\",\"publisher\":{\"@id\":\"https:\\\/\\\/piratentage.com\\\/#organization\"},\"potentialAction\":[{\"@type\":\"SearchAction\",\"target\":{\"@type\":\"EntryPoint\",\"urlTemplate\":\"https:\\\/\\\/piratentage.com\\\/?s={search_term_string}\"},\"query-input\":{\"@type\":\"PropertyValueSpecification\",\"valueRequired\":true,\"valueName\":\"search_term_string\"}}],\"inLanguage\":\"nl-NL\"},{\"@type\":\"Organization\",\"@id\":\"https:\\\/\\\/piratentage.com\\\/#organization\",\"name\":\"Piratenfest & Piratenspektakel\",\"url\":\"https:\\\/\\\/piratentage.com\\\/\",\"logo\":{\"@type\":\"ImageObject\",\"inLanguage\":\"nl-NL\",\"@id\":\"https:\\\/\\\/piratentage.com\\\/#\\\/schema\\\/logo\\\/image\\\/\",\"url\":\"https:\\\/\\\/piratentage.com\\\/wp-content\\\/uploads\\\/2026\\\/03\\\/pirate_icon_totenkopf.svg\",\"contentUrl\":\"https:\\\/\\\/piratentage.com\\\/wp-content\\\/uploads\\\/2026\\\/03\\\/pirate_icon_totenkopf.svg\",\"width\":269,\"height\":272,\"caption\":\"Piratenfest & Piratenspektakel\"},\"image\":{\"@id\":\"https:\\\/\\\/piratentage.com\\\/#\\\/schema\\\/logo\\\/image\\\/\"},\"sameAs\":[\"https:\\\/\\\/www.facebook.com\\\/piratenfeste\",\"https:\\\/\\\/www.instagram.com\\\/piratenspektakel\\\/\",\"https:\\\/\\\/www.youtube.com\\\/@kapitenbleck\"]}]}<\/script>\n<!-- \/ Yoast SEO Premium plugin. -->","yoast_head_json":{"title":"Impressum - \ud83d\udc49 Piratenabenteuer buchen \ud83c\udff4\u200d\u2620\ufe0f Piratenspektakel f\u00fcr Stadtfeste, Hafenfeste &amp; Events","robots":{"index":"index","follow":"follow","max-snippet":"max-snippet:-1","max-image-preview":"max-image-preview:large","max-video-preview":"max-video-preview:-1"},"canonical":"https:\/\/piratentage.com\/nl\/impressum\/","og_locale":"nl_NL","og_type":"article","og_title":"Impressum","og_description":"Impressum Angaben gem\u00e4\u00df \u00a7 55 Abs. 2 RStV Werner Uhling-Wessel \u2013 Spielp\u00e4dagoge Halle IV Kaiserstra\u00dfe 10a 49809 Lingen Kontakt E-Mail: info@aundo-service.de Telefon: 05 91 \/ 9 15 27 \u2013 21 Fax: 05 91 \/ 9 15 27 \u2013 23 B\u00fcrozeiten Mo.\u2013Fr. 09:00\u201313:00 Uhr Mo.\u2013Fr. 14:00\u201316:00 Uhr (nach Vereinbarung) Unternehmensangaben Gesch\u00e4ftsinhaber: Werner Uhling-Wessel USt-IdNr.: DE 177 [&hellip;]","og_url":"https:\/\/piratentage.com\/nl\/impressum\/","og_site_name":"\ud83d\udc49 Piratenabenteuer buchen \ud83c\udff4\u200d\u2620\ufe0f Piratenspektakel f\u00fcr Stadtfeste, Hafenfeste &amp; Events","article_publisher":"https:\/\/www.facebook.com\/piratenfeste","article_modified_time":"2026-04-01T21:29:33+00:00","twitter_card":"summary_large_image","twitter_misc":{"Geschatte leestijd":"2 minuten"},"schema":{"@context":"https:\/\/schema.org","@graph":[{"@type":"WebPage","@id":"https:\/\/piratentage.com\/impressum\/","url":"https:\/\/piratentage.com\/impressum\/","name":"Impressum - \ud83d\udc49 Piratenabenteuer buchen \ud83c\udff4\u200d\u2620\ufe0f Piratenspektakel f\u00fcr Stadtfeste, Hafenfeste &amp; Events","isPartOf":{"@id":"https:\/\/piratentage.com\/#website"},"datePublished":"2026-03-29T20:49:58+00:00","dateModified":"2026-04-01T21:29:33+00:00","breadcrumb":{"@id":"https:\/\/piratentage.com\/impressum\/#breadcrumb"},"inLanguage":"nl-NL","potentialAction":[{"@type":"ReadAction","target":["https:\/\/piratentage.com\/impressum\/"]}]},{"@type":"BreadcrumbList","@id":"https:\/\/piratentage.com\/impressum\/#breadcrumb","itemListElement":[{"@type":"ListItem","position":1,"name":"Start","item":"https:\/\/piratentage.com\/"},{"@type":"ListItem","position":2,"name":"Impressum"}]},{"@type":"WebSite","@id":"https:\/\/piratentage.com\/#website","url":"https:\/\/piratentage.com\/","name":"Piratenfest & Piratenspektakel","description":"\ud83d\udc49 Leinen los ins Piratenabenteuer! \u2693 Publikumsmagnet f\u00fcr dein Event","publisher":{"@id":"https:\/\/piratentage.com\/#organization"},"potentialAction":[{"@type":"SearchAction","target":{"@type":"EntryPoint","urlTemplate":"https:\/\/piratentage.com\/?s={search_term_string}"},"query-input":{"@type":"PropertyValueSpecification","valueRequired":true,"valueName":"search_term_string"}}],"inLanguage":"nl-NL"},{"@type":"Organization","@id":"https:\/\/piratentage.com\/#organization","name":"Piratenfest & Piratenspektakel","url":"https:\/\/piratentage.com\/","logo":{"@type":"ImageObject","inLanguage":"nl-NL","@id":"https:\/\/piratentage.com\/#\/schema\/logo\/image\/","url":"https:\/\/piratentage.com\/wp-content\/uploads\/2026\/03\/pirate_icon_totenkopf.svg","contentUrl":"https:\/\/piratentage.com\/wp-content\/uploads\/2026\/03\/pirate_icon_totenkopf.svg","width":269,"height":272,"caption":"Piratenfest & Piratenspektakel"},"image":{"@id":"https:\/\/piratentage.com\/#\/schema\/logo\/image\/"},"sameAs":["https:\/\/www.facebook.com\/piratenfeste","https:\/\/www.instagram.com\/piratenspektakel\/","https:\/\/www.youtube.com\/@kapitenbleck"]}]}},"_links":{"self":[{"href":"https:\/\/piratentage.com\/nl\/wp-json\/wp\/v2\/pages\/395","targetHints":{"allow":["GET"]}}],"collection":[{"href":"https:\/\/piratentage.com\/nl\/wp-json\/wp\/v2\/pages"}],"about":[{"href":"https:\/\/piratentage.com\/nl\/wp-json\/wp\/v2\/types\/page"}],"author":[{"embeddable":true,"href":"https:\/\/piratentage.com\/nl\/wp-json\/wp\/v2\/users\/1"}],"replies":[{"embeddable":true,"href":"https:\/\/piratentage.com\/nl\/wp-json\/wp\/v2\/comments?post=395"}],"version-history":[{"count":19,"href":"https:\/\/piratentage.com\/nl\/wp-json\/wp\/v2\/pages\/395\/revisions"}],"predecessor-version":[{"id":3422,"href":"https:\/\/piratentage.com\/nl\/wp-json\/wp\/v2\/pages\/395\/revisions\/3422"}],"wp:attachment":[{"href":"https:\/\/piratentage.com\/nl\/wp-json\/wp\/v2\/media?parent=395"}],"curies":[{"name":"wp","href":"https:\/\/api.w.org\/{rel}","templated":true}]}}